{"id":143,"date":"2017-03-12T20:27:04","date_gmt":"2017-03-12T19:27:04","guid":{"rendered":"https:\/\/gozone.pl\/?page_id=143"},"modified":"2019-06-17T18:45:20","modified_gmt":"2019-06-17T16:45:20","slug":"wysylka","status":"publish","type":"page","link":"https:\/\/gozone.pl\/en\/wysylka\/","title":{"rendered":"WYSY\u0141KA"},"content":{"rendered":"<p>[vc_row][vc_column width=&#8221;2\/3&#8243;][vc_custom_heading text=&#8221;Yes ! We ship worldwide.<br \/>\n&#8221; google_fonts=&#8221;font_family:Montserrat%3Aregular%2C700|font_style:400%20regular%3A400%3Anormal&#8221;][vc_column_text css_animation=&#8221;bottom-to-top&#8221;]The execution of the order in the GoZone Skimboards online store is made via DPD or DHL courier companies.<\/p>\n<p>Carefully packaged skimboard is shipped immediately (we ship packages till 20:00). The package is always delivered the next working day.<\/p>\n<p>If you want to get your skimboard as fast as possible or on a Saturday \/ Sunday, call us and for sure we will find a solution quickly!<\/p>\n<p><strong>To purchase a product from the GoZone store, registration is not required.<\/strong><\/p>\n<p><span style=\"font-size: 10pt;\"><strong>\u00a0<\/strong><\/span><\/p>\n<p>&nbsp;<\/p>\n<hr \/>\n<p>&nbsp;<\/p>\n<p>Shipping costs and delivery time (working days)- Europe, DPD courier service :<\/p>\n<ul>\n<li><span style=\"font-size: 10pt;\">Germany &#8211; 12 EUR &#8212; (2-3 days)<\/span><\/li>\n<li><span style=\"font-size: 10pt;\">Netherlands &#8211; 14 EUR (3-4 days)<\/span><\/li>\n<li><span style=\"font-size: 10pt;\">Ireland &#8211; 19 EUR (4-5 days)<\/span><\/li>\n<li><span style=\"font-size: 10pt;\">France &#8211; 14 EUR (3-4 days)<\/span><\/li>\n<li><span style=\"font-size: 10pt;\">Finland &#8211; 16 EUR (4-5 days)<\/span><\/li>\n<li><span style=\"font-size: 10pt;\">Spain &#8211; 19 EUR (2-3 days)<\/span><\/li>\n<li><span style=\"font-size: 10pt;\">Latvia &#8211; 14 EUR (2-3 days)<\/span><\/li>\n<li><span style=\"font-size: 10pt;\">Italy &#8211; 16 EUR (4-5 days)<\/span><\/li>\n<li><span style=\"font-size: 10pt;\">UK &#8211; 16 EUR (3-4 days)<\/span><\/li>\n<li>Sweden &#8211; 16 EUR (3-4 days)<\/li>\n<\/ul>\n<p><span style=\"font-size: 10pt;\"><br \/>\nEconomy postal service to all European countries costs 13 EUR ! <\/span><\/p>\n<p><span style=\"font-size: 10pt;\">Shipping costs outside Europe:<\/span><\/p>\n<ul>\n<li><span style=\"font-size: 10pt;\">US &#8211; 79 USD (DHL courier) , 19 USD (economy package)<\/span><\/li>\n<li><span style=\"font-size: 10pt;\">Canada &#8211; 79 USD (DHL courier) , 19 USD (economy package)<\/span><\/li>\n<li><span style=\"font-size: 10pt;\">United Arab Emirates &#8211; 19 USD (economy package)<\/span><\/li>\n<li><span style=\"font-size: 10pt;\">Russia &#8211; 18 USD (economy package)<\/span><\/li>\n<li><span style=\"font-size: 10pt;\">Australia 19 USD (economy package)<\/span><\/li>\n<li><span style=\"font-size: 10pt;\">Japan 19 USD (economy package)<\/span><\/li>\n<li><span style=\"font-size: 10pt;\">China 19 USD (economy package)<\/span><\/li>\n<\/ul>\n<p>[\/vc_column_text][vc_column_text css_animation=&#8221;bottom-to-top&#8221;][\/vc_column_text][\/vc_column][vc_column width=&#8221;1\/3&#8243;][vc_row_inner][vc_column_inner][vc_single_image image=&#8221;315&#8243; img_size=&#8221;large&#8221; style=&#8221;vc_box_rounded&#8221; css_animation=&#8221;bottom-to-top&#8221;][vc_column_text][\/vc_column_text][\/vc_column_inner][\/vc_row_inner][vc_separator][vc_row_inner][vc_column_inner][vc_single_image image=&#8221;316&#8243; img_size=&#8221;full&#8221; style=&#8221;vc_box_rounded&#8221; css_animation=&#8221;bottom-to-top&#8221;][vc_column_text]<\/p>\n<p style=\"text-align: center;\"><strong>Yes! We ship worldwide.<\/strong><\/p>\n<p>[\/vc_column_text][\/vc_column_inner][\/vc_row_inner][\/vc_column][\/vc_row][vc_row][vc_column][vc_btn title=&#8221;KUP TERAZ! &#8221; style=&#8221;gradient&#8221; gradient_color_1=&#8221;grey&#8221; gradient_color_2=&#8221;mulled-wine&#8221; size=&#8221;lg&#8221; align=&#8221;center&#8221; button_block=&#8221;true&#8221; link=&#8221;url:http%3A%2F%2Fgozone.pl%2Fkategoria-produktu%2Fskimboard%2F%3Forderby%3Dprice|||&#8221;][\/vc_column][\/vc_row][vc_row][vc_column][vc_separator color=&#8221;black&#8221; border_width=&#8221;2&#8243;][vc_column_text css_animation=&#8221;bottom-to-top&#8221;]<\/p>\n<h2 style=\"text-align: center;\">Co wyr\u00f3\u017cnia skimboardy GoZone?<\/h2>\n<p>[\/vc_column_text][\/vc_column][\/vc_row][vc_row][vc_column][vc_row_inner][vc_column_inner width=&#8221;1\/3&#8243;][vc_single_image image=&#8221;167&#8243; img_size=&#8221;large&#8221;][\/vc_column_inner][vc_column_inner width=&#8221;1\/3&#8243;][vc_single_image image=&#8221;165&#8243; img_size=&#8221;large&#8221;][\/vc_column_inner][vc_column_inner width=&#8221;1\/3&#8243;][vc_single_image image=&#8221;168&#8243; img_size=&#8221;large&#8221;][\/vc_column_inner][\/vc_row_inner][vc_row_inner][vc_column_inner width=&#8221;1\/3&#8243;][vc_column_text]<\/p>\n<p style=\"text-align: center;\"><strong>Najlepsza mata EVA.<\/strong><\/p>\n<p>Jako jedyny producent, wykonujemy termozgrzewaln\u0105 piank\u0119 antypo\u015blizgow\u0105, kt\u00f3ra stanowi jeden element na powierzchni deski. Klej firmy 3M gwarantuje, \u017ce pianka nigdy si\u0119 nie odklei![\/vc_column_text][\/vc_column_inner][vc_column_inner width=&#8221;1\/3&#8243;][vc_column_text css_animation=&#8221;bottom-to-top&#8221;]<\/p>\n<p style=\"text-align: center;\"><strong>Najszybszy laminat &#8216;White Razor&#8217;<\/strong><\/p>\n<p>Mega \u015bliska powierzchnia od spodniej strony deski zagwarantuje najd\u0142u\u017csze \u015blizgi zar\u00f3wno na p\u0142ytkiej wodzie, jak i na przeszkodach.[\/vc_column_text][\/vc_column_inner][vc_column_inner width=&#8221;1\/3&#8243;][vc_column_text css_animation=&#8221;bottom-to-top&#8221;]<\/p>\n<p style=\"text-align: center;\"><strong>Technologia<\/strong><\/p>\n<p>Wszystkie deski skimboardowe klejone s\u0105 specjalistycznymi \u017cywicami epoksydowymi. Aby zapewni\u0107 najwy\u017csz\u0105 trwa\u0142o\u015bci ka\u017cdej deski, nie przyspieszamy procesu\u00a0wysokimi temperaturami.[\/vc_column_text][\/vc_column_inner][\/vc_row_inner][\/vc_column][\/vc_row]<\/p>","protected":false},"excerpt":{"rendered":"<p>[vc_row][vc_column width=&#8221;2\/3&#8243;][vc_custom_heading text=&#8221;Yes ! We ship worldwide. &#8221; google_fonts=&#8221;font_family:Montserrat%3Aregular%2C700|font_style:400%20regular%3A400%3Anormal&#8221;][vc_column_text css_animation=&#8221;bottom-to-top&#8221;]The execution of the order in the GoZone Skimboards online store is made via DPD or DHL courier companies. Carefully packaged skimboard is shipped immediately (we ship packages till 20:00). The package is always delivered the next working day. If you want to get your skimboard [&hellip;]<\/p>\n","protected":false},"author":46,"featured_media":0,"parent":0,"menu_order":0,"comment_status":"closed","ping_status":"closed","template":"template-fullwidth.php","meta":{"footnotes":""},"_links":{"self":[{"href":"https:\/\/gozone.pl\/en\/wp-json\/wp\/v2\/pages\/143"}],"collection":[{"href":"https:\/\/gozone.pl\/en\/wp-json\/wp\/v2\/pages"}],"about":[{"href":"https:\/\/gozone.pl\/en\/wp-json\/wp\/v2\/types\/page"}],"author":[{"embeddable":true,"href":"https:\/\/gozone.pl\/en\/wp-json\/wp\/v2\/users\/46"}],"replies":[{"embeddable":true,"href":"https:\/\/gozone.pl\/en\/wp-json\/wp\/v2\/comments?post=143"}],"version-history":[{"count":22,"href":"https:\/\/gozone.pl\/en\/wp-json\/wp\/v2\/pages\/143\/revisions"}],"predecessor-version":[{"id":850,"href":"https:\/\/gozone.pl\/en\/wp-json\/wp\/v2\/pages\/143\/revisions\/850"}],"wp:attachment":[{"href":"https:\/\/gozone.pl\/en\/wp-json\/wp\/v2\/media?parent=143"}],"curies":[{"name":"wp","href":"https:\/\/api.w.org\/{rel}","templated":true}]}}