{"id":1647,"date":"2022-04-20T10:31:49","date_gmt":"2022-04-20T08:31:49","guid":{"rendered":"https:\/\/gozone.pl\/?post_type=product&#038;p=1647"},"modified":"2024-03-19T20:33:53","modified_gmt":"2024-03-19T19:33:53","slug":"gozone-cruise-noemi","status":"publish","type":"product","link":"https:\/\/gozone.pl\/en\/produkt\/gozone-cruise-noemi\/","title":{"rendered":"GoZone Cruiser Noemi"},"content":{"rendered":"","protected":false},"excerpt":{"rendered":"<p>Najni\u017csza cena w okresie 30 dni przed wprowadzeniem obni\u017cki: 699,00 z\u0142<\/p>\n<p>&nbsp;<\/p>\n<p><strong>Specification:<\/strong><\/p>\n<ul>\n<li>Wheelbase: 36.0cm<\/li>\n<li>Deck length: 70.0cm<\/li>\n<li>Deck width: 26.0cm<\/li>\n<li>Wheel Colour: black, pink, blue, neo green<\/li>\n<li>Concave: medium<\/li>\n<li>Wheel diameter: 60mm<\/li>\n<li>Deck features: Kicktail<\/li>\n<li>Wheel hardness: 76A<\/li>\n<li>Grip tape: GoZone Pre-gripped<\/li>\n<li>Riding Style: Cruiser<\/li>\n<\/ul>\n<div class=\"row\"><\/div>\n<hr \/>\n<ul>\n<li>stickers and the wristband for free!<\/li>\n<li>3 year warranty<\/li>\n<li>the opportunity to return goods within 14 days<\/li>\n<\/ul>\n<p><strong>Stock : Low stock &#8211; last products available \ud83d\udd25<\/strong><\/p>\n<p>&nbsp;<\/p>\n","protected":false},"featured_media":1635,"template":"","meta":[],"product_cat":[70],"product_tag":[],"_links":{"self":[{"href":"https:\/\/gozone.pl\/en\/wp-json\/wp\/v2\/product\/1647"}],"collection":[{"href":"https:\/\/gozone.pl\/en\/wp-json\/wp\/v2\/product"}],"about":[{"href":"https:\/\/gozone.pl\/en\/wp-json\/wp\/v2\/types\/product"}],"wp:featuredmedia":[{"embeddable":true,"href":"https:\/\/gozone.pl\/en\/wp-json\/wp\/v2\/media\/1635"}],"wp:attachment":[{"href":"https:\/\/gozone.pl\/en\/wp-json\/wp\/v2\/media?parent=1647"}],"wp:term":[{"taxonomy":"product_cat","embeddable":true,"href":"https:\/\/gozone.pl\/en\/wp-json\/wp\/v2\/product_cat?post=1647"},{"taxonomy":"product_tag","embeddable":true,"href":"https:\/\/gozone.pl\/en\/wp-json\/wp\/v2\/product_tag?post=1647"}],"curies":[{"name":"wp","href":"https:\/\/api.w.org\/{rel}","templated":true}]}}