{"id":2599,"date":"2025-10-29T09:08:07","date_gmt":"2025-10-29T08:08:07","guid":{"rendered":"https:\/\/gozone.pl\/produkt\/hulajnoga-trampolinowa-indo-fusion-tornado\/"},"modified":"2025-10-29T10:28:37","modified_gmt":"2025-10-29T09:28:37","slug":"hulajnoga-trampolinowa-indo-fusion-tornado","status":"publish","type":"product","link":"https:\/\/gozone.pl\/en\/produkt\/hulajnoga-trampolinowa-indo-fusion-tornado\/","title":{"rendered":"Hulajnoga trampolinowa Indo Fusion Tornado"},"content":{"rendered":"<p><\/p>\n<section class=\"section\">\n<div class=\"item item-12\">\n<section class=\"text-item\">\n<h1>Hulajnoga trampolinowa Indo Fusion Tornado<\/h1>\n<\/section><\/div>\n<\/section>\n<section class=\"section\">\n<div class=\"item item-6\">\n<section class=\"image-item\"><img decoding=\"async\" src=\"https:\/\/upload.cdn.baselinker.com\/products\/3004145\/022d112906cbefe007f69ea90dea5aef.jpg\" \/><\/section><\/div>\n<div class=\"item item-6\">\n<section class=\"text-item\">\n<h1>Hulajnoga Trickowa INDO Fusion \u2013 Wydajno\u015b\u0107 i stabilno\u015b\u0107 na trampolinie i poza ni\u0105<\/h1>\n<p>Hulajnoga trickowa INDO Fusion przenosi zabaw\u0119 na zupe\u0142nie nowy poziom \u2013 oferuj\u0105c wyj\u0105tkow\u0105 stabilno\u015b\u0107 i realistyczne odczucia znane z tradycyjnych hulajn\u00f3g. To idealny wyb\u00f3r dla ambitnych u\u017cytkownik\u00f3w, kt\u00f3rzy chc\u0105 \u0107wiczy\u0107 \u0142atwiej, szybciej i bezpieczniej.<\/p>\n<h2>Wi\u0119ksza, ci\u0119\u017csza deska \u2013 pe\u0142na kontrola trik\u00f3w<\/h2>\n<p>Dzi\u0119ki wi\u0119kszej i ci\u0119\u017cszej desce INDO Fusion zapewnia realne odczucia z jazdy, pomagaj\u0105c w wykonywaniu zaawansowanych trik\u00f3w z pe\u0142n\u0105 precyzj\u0105. Wzmocniona konstrukcja amortyzuje l\u0105dowania i chroni trampolin\u0119 \u2013 zar\u00f3wno przy udanych lotach, jak i przy nieudanych pr\u00f3bach. System kulkowego \u0142o\u017cyska w g\u0142owicy (ball head bearing) umo\u017cliwia p\u0142ynne i szybkie obracanie, co przek\u0142ada si\u0119 na wi\u0119ksz\u0105 kontrol\u0119 nad trikami i stabilniejsze kr\u0119cenie w powietrzu.<\/p>\n<h2>Regulowana kierownica dla perfekcyjnego dopasowania<\/h2>\n<p>Kierownica INDO Fusion jest regulowana w zakresie od 600\u202fmm do 700\u202fmm wysoko\u015bci, z szeroko\u015bci\u0105 430\u202fmm \u2013 co pozwala dopasowa\u0107 hulajnog\u0119 do u\u017cytkownik\u00f3w o r\u00f3\u017cnych wzrostach i stylach jazdy. Mi\u0119kkie uchwyty TPU zapewniaj\u0105 pewny chwyt nawet przy intensywnym u\u017cytkowaniu.<\/p>\n<p>Kolor Tornado to specjalna limitowana edycja!<\/p>\n<h2>Specyfikacja<\/h2>\n<ul>\n<li>Waga: 1400\u202fg<\/li>\n<li>Zakres wiekowy: od 12 lat<\/li>\n<li>Chwyty kierownicy: mi\u0119kkie, antypo\u015blizgowe uchwyty TPU<\/li>\n<li>Kierownica: Wysoko\u015b\u0107: 600\u202fmm lub 700\u202fmm<\/li>\n<li>Szeroko\u015b\u0107: 430\u202fmm<\/li>\n<\/ul>\n<p>Deska: wi\u0119ksza, ci\u0119\u017csza, elastyczna, chroni\u0105ca trampolin\u0119 i zapewniaj\u0105ca stabilne l\u0105dowanieMechanizm obrotu: precyzyjny system kulkowy<\/p>\n<\/section><\/div>\n<\/section>\n<section class=\"section\">\n<div class=\"item item-6\">\n<section class=\"image-item\"><img decoding=\"async\" src=\"https:\/\/upload.cdn.baselinker.com\/products\/3004145\/91fbc618c43ab61ab0f3f9ba795fb6f2.jpg\" \/><\/section><\/div>\n<div class=\"item item-6\">\n<section class=\"image-item\"><img decoding=\"async\" src=\"https:\/\/upload.cdn.baselinker.com\/products\/3004145\/fb82d184259dcee2c53cb73f5a4d72b0.jpg\" \/><\/section><\/div>\n<\/section>\n<p><\/p>","protected":false},"excerpt":{"rendered":"<p>Hulajnoga trampolinowa Indo Fusion Tornado Hulajnoga Trickowa INDO Fusion \u2013 Wydajno\u015b\u0107 i stabilno\u015b\u0107 na trampolinie i poza ni\u0105 Hulajnoga trickowa INDO Fusion przenosi zabaw\u0119 na zupe\u0142nie nowy poziom \u2013 oferuj\u0105c wyj\u0105tkow\u0105 stabilno\u015b\u0107 i realistyczne odczucia znane z tradycyjnych hulajn\u00f3g. To idealny wyb\u00f3r dla ambitnych u\u017cytkownik\u00f3w, kt\u00f3rzy chc\u0105 \u0107wiczy\u0107 \u0142atwiej, szybciej i bezpieczniej. Wi\u0119ksza, ci\u0119\u017csza deska [&hellip;]<\/p>\n","protected":false},"featured_media":2600,"template":"","meta":[],"product_cat":[70],"product_tag":[],"_links":{"self":[{"href":"https:\/\/gozone.pl\/en\/wp-json\/wp\/v2\/product\/2599"}],"collection":[{"href":"https:\/\/gozone.pl\/en\/wp-json\/wp\/v2\/product"}],"about":[{"href":"https:\/\/gozone.pl\/en\/wp-json\/wp\/v2\/types\/product"}],"wp:featuredmedia":[{"embeddable":true,"href":"https:\/\/gozone.pl\/en\/wp-json\/wp\/v2\/media\/2600"}],"wp:attachment":[{"href":"https:\/\/gozone.pl\/en\/wp-json\/wp\/v2\/media?parent=2599"}],"wp:term":[{"taxonomy":"product_cat","embeddable":true,"href":"https:\/\/gozone.pl\/en\/wp-json\/wp\/v2\/product_cat?post=2599"},{"taxonomy":"product_tag","embeddable":true,"href":"https:\/\/gozone.pl\/en\/wp-json\/wp\/v2\/product_tag?post=2599"}],"curies":[{"name":"wp","href":"https:\/\/api.w.org\/{rel}","templated":true}]}}