{"id":2612,"date":"2025-10-29T10:11:24","date_gmt":"2025-10-29T09:11:24","guid":{"rendered":"https:\/\/gozone.pl\/produkt\/hulajnoga-trampolinowa-indo-kickstart-neon\/"},"modified":"2026-01-05T09:05:22","modified_gmt":"2026-01-05T08:05:22","slug":"hulajnoga-trampolinowa-indo-kickstart-neon","status":"publish","type":"product","link":"https:\/\/gozone.pl\/en\/produkt\/hulajnoga-trampolinowa-indo-kickstart-neon\/","title":{"rendered":"Hulajnoga trampolinowa Indo Kickstart Neon"},"content":{"rendered":"<p><\/p>\n<section class=\"section\">\n<div class=\"item item-12\">\n<section class=\"text-item\">\n<h1>Hulajnoga trampolinowa Indo Kickstart NEON 2w1 z dr\u0105\u017ckami kierownicy o d\u0142ugo\u015bciach 67cm i 71 cm<\/h1>\n<\/section>\n<\/div>\n<\/section>\n<section class=\"section\">\n<div class=\"item item-6\">\n<section class=\"image-item\"><img decoding=\"async\" src=\"https:\/\/upload.cdn.baselinker.com\/products\/3004145\/5b99e56fe7641f6c03c177042298c1c3.jpg\" \/><\/section>\n<\/div>\n<div class=\"item item-6\">\n<section class=\"text-item\"><b>Poznaj ulepszon\u0105 hulajnog\u0119 INDO Kickstart\u00a0<\/b>\u00a0&#8211; najlepsz\u0105 jazd\u0119 dla poszukiwaczy mocnych wra\u017ce\u0144! Rozpocznij swoj\u0105 podr\u00f3\u017c dzi\u0119ki regulowanej kierownicy! INDO Kickstart Classic zosta\u0142a zaprojektowana, aby wzmocni\u0107 Twoj\u0105 gr\u0119 trickow\u0105. Niezale\u017cnie od tego, czy robisz salto na trampolinie, czy doskonalisz akrobacje w domu, te funkcje s\u0105 dla Ciebie.<b>Specyfikacja:<\/b><\/p>\n<p><b>Regulowana kierownica:<\/b>\u00a0Dzi\u0119ki dw\u00f3m opcjom wysoko\u015bci (570 mm i 670 mm), INDO Kickstart Classic ro\u015bnie wraz z Tob\u0105 i Twoim poziomem umiej\u0119tno\u015bci.<\/p>\n<p><b>Blat z pianki o wysokim wsp\u00f3\u0142czynniku odbicia:<\/b>\u00a0Blat z pianki o wysokim odbiciu zaprojektowany z my\u015bl\u0105 o wy\u017cszym odbiciu i p\u0142ynniejszym l\u0105dowaniu. Ten innowacyjny blat pozwala uzyska\u0107 wi\u0119cej powietrza na trampolinach, jednocze\u015bnie poch\u0142aniaj\u0105c uderzenia, dzi\u0119ki czemu mo\u017cna je\u017adzi\u0107 mocniej i d\u0142u\u017cej.<\/p>\n<p><b>Mi\u0119kkie uchwyty TPU:<\/b>\u00a0Mi\u0119kkie uchwyty z TPU zapewniaj\u0105 doskona\u0142\u0105 kontrol\u0119, dzi\u0119ki czemu r\u0119ce pozostaj\u0105 zablokowane<\/p>\n<p><b>Przedzia\u0142 wiekowy:<\/b>\u00a06 lat<\/p>\n<p>Wymiary:<\/p>\n<p>Model 570 &#8211; wysoko\u015b\u0107 ca\u0142kowita 61 cm<\/p>\n<p>Model 670 &#8211; wysoko\u015b\u0107 ca\u0142kowita 71cm<\/p>\n<p>Szczeg\u00f3\u0142y:<\/p>\n<p>Waga &#8211; 950g lub 1000g<\/p>\n<p>Materia\u0142 kierownicy &#8211; Aluminium 6061<\/p>\n<p>Wysoko\u015b\u0107 kierownicy &#8211; 570mm lub 670m<\/p>\n<p>Szeroko\u015b\u0107 kierownicy &#8211; 430mm<\/p>\n<p>Deck: 52 x 15 cm, d\u0142ugo\u015b\u0107\u00a0u\u017cytkowa: 43 cm<\/p>\n<p>Zalecany\u00a0wiek u\u017cytkownika: od 6-11 lat<\/p>\n<p>Zalecany wzrost u\u017cytkownika: 120-150 cm lub do 170cm<\/p>\n<p><b>Masz problem ze doborem odpowiedniej wysoko\u015bci Twojej hulajnogi trampolinowej?<\/b><\/p>\n<p>Jest to rozwi\u0105zanie w\u0142a\u015bnie dla Ciebie. Dodatkowo w zestawie znajduje si\u0119 oryginalny dr\u0105\u017cek kierownicy marki INDO wyd\u0142u\u017caj\u0105cy wysoko\u015b\u0107 z modelu 570 na 670. W tej konfiguracji hulajnoga &#8220;ro\u015bnie&#8221; razem z dzieckiem, po monta\u017cu d\u0142u\u017cszego dr\u0105\u017cka z hulajnogi mog\u0105 korzysta\u0107 osoby do 170 cm wzrostu.<\/p>\n<ul>\n<li>Pami\u0119taj, aby ponownie wykorzysta\u0107 \u015bruby do mocowania, kt\u00f3re \u0142\u0105cz\u0105 przeg\u0142ub kierownicy z dr\u0105\u017ckiem.<\/li>\n<li>Dzi\u0119ki tej cz\u0119\u015bci otrzymasz 4&#8243; (10 cm) dodatkowego miejsca.<\/li>\n<li>Niekt\u00f3rzy riderzy preferuj\u0105 u\u017cywa\u0107 hulajnogi z kierownic\u0105 570 mm do \u0107wicze\u0144 na flacie, a d\u0142u\u017csz\u0105 670 mm do trick\u00f3w na trampolinie<\/li>\n<\/ul>\n<p>Instrukcja z\u0142o\u017cenia hulajnogi znajduje si\u0119 na odwrocie opakowania. Do z\u0142o\u017cenia nale\u017cy posiada\u0107 w\u0142asne narz\u0119dzia (nie s\u0105 do\u0142\u0105czone do zestawu). Wszystkie \u015bruby nale\u017cy dobrze dokr\u0119ci\u0107. \u0106wiczenie na hulajnodze z niew\u0142a\u015bciwie dokr\u0119conymi cz\u0119\u015bciami mo\u017ce spowodowa\u0107 jej uszkodzenie.<\/p>\n<\/section>\n<\/div>\n<\/section>\n<section class=\"section\">\n<div class=\"item item-6\">\n<section class=\"image-item\"><img decoding=\"async\" src=\"https:\/\/upload.cdn.baselinker.com\/products\/3004145\/483480409ec2c67821d8a464be7b246e.jpg\" \/><\/section>\n<\/div>\n<div class=\"item item-6\">\n<section class=\"image-item\"><img decoding=\"async\" src=\"https:\/\/upload.cdn.baselinker.com\/products\/3004145\/fc2e4f7c32265f9227dd9fc585ee6977.jpg\" \/><\/section>\n<\/div>\n<\/section>\n<section class=\"section\">\n<div class=\"item item-6\">\n<section class=\"image-item\"><img decoding=\"async\" src=\"https:\/\/upload.cdn.baselinker.com\/products\/3004145\/1b4f514c87977f299c1e7a46944a3aed.jpg\" \/><\/section>\n<\/div>\n<div class=\"item item-6\">\n<section class=\"image-item\"><img decoding=\"async\" src=\"https:\/\/upload.cdn.baselinker.com\/products\/3004145\/af76d5552e067872d6c31df8f59a567a.jpg\" \/><\/section>\n<\/div>\n<\/section>\n<section class=\"section\">\n<div class=\"item item-6\">\n<section class=\"image-item\"><img decoding=\"async\" src=\"https:\/\/upload.cdn.baselinker.com\/products\/3004145\/0948d2275a5a45348f046267d647e179.jpg\" \/><\/section>\n<\/div>\n<div class=\"item item-6\">\n<section class=\"image-item\"><img decoding=\"async\" src=\"https:\/\/upload.cdn.baselinker.com\/products\/3004145\/fca73a20faf7be0a8bdd19296ac835df.jpg\" \/><\/section>\n<\/div>\n<\/section>\n<p><\/p>","protected":false},"excerpt":{"rendered":"<p>Hulajnoga trampolinowa Indo Kickstart NEON 2w1 z dr\u0105\u017ckami kierownicy o d\u0142ugo\u015bciach 67cm i 71 cm Poznaj ulepszon\u0105 hulajnog\u0119 INDO Kickstart\u00a0\u00a0&#8211; najlepsz\u0105 jazd\u0119 dla poszukiwaczy mocnych wra\u017ce\u0144! Rozpocznij swoj\u0105 podr\u00f3\u017c dzi\u0119ki regulowanej kierownicy! INDO Kickstart Classic zosta\u0142a zaprojektowana, aby wzmocni\u0107 Twoj\u0105 gr\u0119 trickow\u0105. Niezale\u017cnie od tego, czy robisz salto na trampolinie, czy doskonalisz akrobacje w domu, [&hellip;]<\/p>\n","protected":false},"featured_media":2634,"template":"","meta":[],"product_cat":[70],"product_tag":[],"_links":{"self":[{"href":"https:\/\/gozone.pl\/en\/wp-json\/wp\/v2\/product\/2612"}],"collection":[{"href":"https:\/\/gozone.pl\/en\/wp-json\/wp\/v2\/product"}],"about":[{"href":"https:\/\/gozone.pl\/en\/wp-json\/wp\/v2\/types\/product"}],"wp:featuredmedia":[{"embeddable":true,"href":"https:\/\/gozone.pl\/en\/wp-json\/wp\/v2\/media\/2634"}],"wp:attachment":[{"href":"https:\/\/gozone.pl\/en\/wp-json\/wp\/v2\/media?parent=2612"}],"wp:term":[{"taxonomy":"product_cat","embeddable":true,"href":"https:\/\/gozone.pl\/en\/wp-json\/wp\/v2\/product_cat?post=2612"},{"taxonomy":"product_tag","embeddable":true,"href":"https:\/\/gozone.pl\/en\/wp-json\/wp\/v2\/product_tag?post=2612"}],"curies":[{"name":"wp","href":"https:\/\/api.w.org\/{rel}","templated":true}]}}