{"id":2626,"date":"2025-10-29T10:11:38","date_gmt":"2025-10-29T09:11:38","guid":{"rendered":"https:\/\/gozone.pl\/produkt\/indo-bug-trampoline-hulajnoga-trampolinowa\/"},"modified":"2025-10-29T10:43:33","modified_gmt":"2025-10-29T09:43:33","slug":"indo-bug-trampoline-hulajnoga-trampolinowa","status":"publish","type":"product","link":"https:\/\/gozone.pl\/en\/produkt\/indo-bug-trampoline-hulajnoga-trampolinowa\/","title":{"rendered":"Indo Bug Hulajnoga Trampolinowa"},"content":{"rendered":"<p><\/p>\n<section class=\"section\">\n<div class=\"item item-12\">\n<section class=\"text-item\">Wprowad\u017a najmniejszych Rider\u00f3w do jazdy na hulajnodze wyczynowej dzi\u0119ki hulajnodze Indo Bug TrampolineZacznijmy od stwierdzenia, \u017ce nigdzie nie b\u0119dziesz je\u017adzi\u0142 tym szczeniakiem, poniewa\u017c nie jest on jak zwyk\u0142a hulajnoga &#8211; wiesz z k\u00f3\u0142kami i tak dalej. Zamiast tego Indo Bug jest przeznaczony do u\u017cytku w pomieszczeniach, a zw\u0142aszcza do u\u017cytku na trampolinie.<\/p>\n<p>Funkcje techniczne:<\/p>\n<p>Nie martw si\u0119 o materia\u0142 na Twojej trampolinie &#8211; poniewa\u017c ten blat wykonany jest w ca\u0142o\u015bci z materia\u0142u piankowego chroni\u0105cego zar\u00f3wno golenie, kostki itp., jak i powierzchni\u0119, na kt\u00f3rej go u\u017cywasz<\/p>\n<p>Ta konfiguracja jest bardzo lekka, poniewa\u017c nie mie\u015bci prawie tylu cz\u0119\u015bci, co normalna hulajnoga, co znacznie u\u0142atwia pierwsze pr\u00f3by z konkretnym trikiem<\/p>\n<p>Polecany dla dzieci od 3 roku \u017cycia<\/p>\n<p><b>Specyfikacja\u00a0<\/b><\/p>\n<ul>\n<li><b>Waga:<\/b> 750g<\/li>\n<li><b>Materia\u0142 kierownicy:<\/b> Aluminium 6061<\/li>\n<li><b>Wysoko\u015b\u0107 kierownicy:<\/b> 400mm<\/li>\n<li><b>Szeroko\u015b\u0107 kierownicy:<\/b> 380mm<\/li>\n<li><b>Monta\u017c:<\/b> Cz\u0119\u015bciowo zmontowany<\/li>\n<li><b>Polecany od:<\/b> 3 lat<\/li>\n<\/ul>\n<\/section>\n<\/div>\n<\/section>\n<section class=\"section\">\n<div class=\"item item-6\">\n<section class=\"image-item\"><img decoding=\"async\" src=\"https:\/\/upload.cdn.baselinker.com\/products\/3004145\/58a34560ec640beeeb100e1a65dccfda.jpg\" \/><\/section>\n<\/div>\n<div class=\"item item-6\">\n<section class=\"image-item\"><img decoding=\"async\" src=\"https:\/\/upload.cdn.baselinker.com\/products\/3004145\/931015ee45e840891c20402a141b4b74.jpg\" \/><\/section>\n<\/div>\n<\/section>\n<p><\/p>","protected":false},"excerpt":{"rendered":"<p>Wprowad\u017a najmniejszych Rider\u00f3w do jazdy na hulajnodze wyczynowej dzi\u0119ki hulajnodze Indo Bug TrampolineZacznijmy od stwierdzenia, \u017ce nigdzie nie b\u0119dziesz je\u017adzi\u0142 tym szczeniakiem, poniewa\u017c nie jest on jak zwyk\u0142a hulajnoga &#8211; wiesz z k\u00f3\u0142kami i tak dalej. Zamiast tego Indo Bug jest przeznaczony do u\u017cytku w pomieszczeniach, a zw\u0142aszcza do u\u017cytku na trampolinie. Funkcje techniczne: Nie [&hellip;]<\/p>\n","protected":false},"featured_media":2623,"template":"","meta":[],"product_cat":[70],"product_tag":[],"_links":{"self":[{"href":"https:\/\/gozone.pl\/en\/wp-json\/wp\/v2\/product\/2626"}],"collection":[{"href":"https:\/\/gozone.pl\/en\/wp-json\/wp\/v2\/product"}],"about":[{"href":"https:\/\/gozone.pl\/en\/wp-json\/wp\/v2\/types\/product"}],"wp:featuredmedia":[{"embeddable":true,"href":"https:\/\/gozone.pl\/en\/wp-json\/wp\/v2\/media\/2623"}],"wp:attachment":[{"href":"https:\/\/gozone.pl\/en\/wp-json\/wp\/v2\/media?parent=2626"}],"wp:term":[{"taxonomy":"product_cat","embeddable":true,"href":"https:\/\/gozone.pl\/en\/wp-json\/wp\/v2\/product_cat?post=2626"},{"taxonomy":"product_tag","embeddable":true,"href":"https:\/\/gozone.pl\/en\/wp-json\/wp\/v2\/product_tag?post=2626"}],"curies":[{"name":"wp","href":"https:\/\/api.w.org\/{rel}","templated":true}]}}