{"id":2635,"date":"2025-10-29T10:31:15","date_gmt":"2025-10-29T09:31:15","guid":{"rendered":"https:\/\/gozone.pl\/?post_type=product&#038;p=2635"},"modified":"2025-10-29T10:39:49","modified_gmt":"2025-10-29T09:39:49","slug":"unique-balance-board","status":"publish","type":"product","link":"https:\/\/gozone.pl\/en\/produkt\/unique-balance-board\/","title":{"rendered":"Unique Balance Board"},"content":{"rendered":"","protected":false},"excerpt":{"rendered":"<p data-start=\"0\" data-end=\"169\">Odkryj przyjemny spos\u00f3b na popraw\u0119 r\u00f3wnowagi i koordynacji, przydatny w sportach takich jak skateboard, surf, skimboard, snowboard i wielu innych.<\/p>\n<p data-start=\"171\" data-end=\"292\">Model <strong data-start=\"177\" data-end=\"187\">Unique<\/strong> to drewniana deska balansowa z warstw\u0105 korka na wierzchu, kt\u00f3ra zapewnia pewny chwyt i pe\u0142n\u0105 kontrol\u0119.<\/p>\n<p data-start=\"294\" data-end=\"415\">W zestawie znajduje si\u0119 naturalny wa\u0142ek z korka o d\u0142ugo\u015bci 40 cm i \u015brednicy 10 cm, gwarantuj\u0105cy p\u0142ynny i stabilny ruch.<\/p>\n<p data-start=\"417\" data-end=\"479\">Deska ma wymiary 75 \u00d7 30 cm i jest pokryta warstw\u0105 ochronn\u0105.<\/p>\n<p data-start=\"481\" data-end=\"555\">Zintegrowane ograniczniki zwi\u0119kszaj\u0105 bezpiecze\u0144stwo podczas u\u017cytkowania.<\/p>\n","protected":false},"featured_media":2636,"template":"","meta":[],"product_cat":[70],"product_tag":[],"_links":{"self":[{"href":"https:\/\/gozone.pl\/en\/wp-json\/wp\/v2\/product\/2635"}],"collection":[{"href":"https:\/\/gozone.pl\/en\/wp-json\/wp\/v2\/product"}],"about":[{"href":"https:\/\/gozone.pl\/en\/wp-json\/wp\/v2\/types\/product"}],"wp:featuredmedia":[{"embeddable":true,"href":"https:\/\/gozone.pl\/en\/wp-json\/wp\/v2\/media\/2636"}],"wp:attachment":[{"href":"https:\/\/gozone.pl\/en\/wp-json\/wp\/v2\/media?parent=2635"}],"wp:term":[{"taxonomy":"product_cat","embeddable":true,"href":"https:\/\/gozone.pl\/en\/wp-json\/wp\/v2\/product_cat?post=2635"},{"taxonomy":"product_tag","embeddable":true,"href":"https:\/\/gozone.pl\/en\/wp-json\/wp\/v2\/product_tag?post=2635"}],"curies":[{"name":"wp","href":"https:\/\/api.w.org\/{rel}","templated":true}]}}