{"id":2646,"date":"2025-10-29T10:44:52","date_gmt":"2025-10-29T09:44:52","guid":{"rendered":"https:\/\/gozone.pl\/?post_type=product&#038;p=2646"},"modified":"2025-10-29T10:48:35","modified_gmt":"2025-10-29T09:48:35","slug":"natural-felt-balance-board","status":"publish","type":"product","link":"https:\/\/gozone.pl\/en\/produkt\/natural-felt-balance-board\/","title":{"rendered":"Natural Felt Balance Board"},"content":{"rendered":"","protected":false},"excerpt":{"rendered":"<p data-start=\"0\" data-end=\"169\">Poznaj <strong data-start=\"51\" data-end=\"87\">NKD Pro Trampoline Stunt Scooter<\/strong> \u2013 hulajnog\u0119 stworzon\u0105 specjalnie do trik\u00f3w na trampolinie. To po\u0142\u0105czenie do\u015bwiadczenia marki NKD i opinii rider\u00f3w z najnowsz\u0105 technologi\u0105.<br data-start=\"226\" data-end=\"229\" \/>Lekka, aluminiowa konstrukcja i nowy design kierownicy pozwalaj\u0105 na p\u0142ynne barspiny i tail whipy.<br data-start=\"326\" data-end=\"329\" \/>Przemy\u015blany rozk\u0142ad wagi na decku u\u0142atwia kontrol\u0119 w powietrzu, a mi\u0119kki poliuretan chroni trampolin\u0119 i nogi podczas nauki trik\u00f3w.<br data-start=\"459\" data-end=\"462\" \/>Trenuj bez ogranicze\u0144 \u2013 doskona\u0142a do doskonalenia stylu i techniki!<\/p>\n","protected":false},"featured_media":2650,"template":"","meta":[],"product_cat":[70],"product_tag":[],"_links":{"self":[{"href":"https:\/\/gozone.pl\/en\/wp-json\/wp\/v2\/product\/2646"}],"collection":[{"href":"https:\/\/gozone.pl\/en\/wp-json\/wp\/v2\/product"}],"about":[{"href":"https:\/\/gozone.pl\/en\/wp-json\/wp\/v2\/types\/product"}],"wp:featuredmedia":[{"embeddable":true,"href":"https:\/\/gozone.pl\/en\/wp-json\/wp\/v2\/media\/2650"}],"wp:attachment":[{"href":"https:\/\/gozone.pl\/en\/wp-json\/wp\/v2\/media?parent=2646"}],"wp:term":[{"taxonomy":"product_cat","embeddable":true,"href":"https:\/\/gozone.pl\/en\/wp-json\/wp\/v2\/product_cat?post=2646"},{"taxonomy":"product_tag","embeddable":true,"href":"https:\/\/gozone.pl\/en\/wp-json\/wp\/v2\/product_tag?post=2646"}],"curies":[{"name":"wp","href":"https:\/\/api.w.org\/{rel}","templated":true}]}}